{"id":12,"date":"2016-09-07T15:36:07","date_gmt":"2016-09-07T14:36:07","guid":{"rendered":"http:\/\/sommeval.fr\/?page_id=12"},"modified":"2017-05-31T18:04:11","modified_gmt":"2017-05-31T17:04:11","slug":"circuits-de-randonnees","status":"publish","type":"page","link":"https:\/\/sommeval.fr\/ancien\/circuits-de-randonnees\/","title":{"rendered":"Circuits de randonn\u00e9es"},"content":{"rendered":"<h3><strong><img loading=\"lazy\" decoding=\"async\" class=\"wp-image-290 aligncenter\" src=\"http:\/\/www.sommeval.fr\/wp-content\/uploads\/2016\/02\/IMG-e1454605725442-1024x887.jpg\" alt=\"IMG\" width=\"755\" height=\"654\" srcset=\"https:\/\/sommeval.fr\/ancien\/wp-content\/uploads\/2016\/02\/IMG-e1454605725442-1024x887.jpg 1024w, https:\/\/sommeval.fr\/ancien\/wp-content\/uploads\/2016\/02\/IMG-e1454605725442-300x260.jpg 300w, https:\/\/sommeval.fr\/ancien\/wp-content\/uploads\/2016\/02\/IMG-e1454605725442-768x665.jpg 768w, https:\/\/sommeval.fr\/ancien\/wp-content\/uploads\/2016\/02\/IMG-e1454605725442-1200x1040.jpg 1200w, https:\/\/sommeval.fr\/ancien\/wp-content\/uploads\/2016\/02\/IMG-e1454605725442.jpg 1528w\" sizes=\"auto, (max-width: 755px) 85vw, 755px\" \/>Sommeval est un carrefour important de randonn\u00e9es en Pays d\u2019Othe.<\/strong><\/h3>\n<p>La commune est travers\u00e9e par\u00a0le GR2 qui permet de rejoindre Paris par Aix-en-Othe et Dijon par Chaource. Ce GR2 est une voie de\u00a0passage des p\u00e8lerins de Compostelle fr\u00e9quent\u00e9e par de nombreux \u00e9trangers.<\/p>\n<p>Il est possible aux randonneurs de b\u00e9n\u00e9ficier d\u2019une salle hors sac situ\u00e9e en haut de la rue de l\u2019Eglise.\u00a0Cette salle est \u00e9quip\u00e9e d\u2019une cuisine, eau chaude eau froide, WC et chauffage. Mais il faut pr\u00e9ciser\u00a0aux randonneurs qu\u2019il n\u2019y a aucun commerce \u00e0 Sommeval pour se ravitailler.<\/p>\n<h3><strong>Vous pouvez\u00a0\u00e9galement d\u00e9couvrir le sentier du Loup cr\u00e9e en 1998.<\/strong><\/h3>\n<p>Trois circuits vous sont propos\u00e9s \u00a0:<img loading=\"lazy\" decoding=\"async\" class=\"alignright wp-image-146\" src=\"http:\/\/www.sommeval.fr\/wp-content\/uploads\/2016\/01\/007-2-300x202.jpg\" alt=\"Panneau chemin du loup sommeval\" width=\"393\" height=\"264\" \/><\/p>\n<ul>\n<li>Circuit n\u00b01 15 km Le grand tour de Sommeval 3 h 30 (balisage\u00a0: blanc jaune, blanc rouge)<\/li>\n<li>Circuit n\u00b02 7 km Dit du chemin de la fontaine 1 h 45 (balisage\u00a0: blanc rouge, blanc vert, blanc jaune)<\/li>\n<li>Circuit n\u00b03 5 km La pelouse aux orchid\u00e9es 1 h 15 (balisage\u00a0: blanc jaune, blanc bleu)<\/li>\n<\/ul>\n<p>Trois haltes sont am\u00e9nag\u00e9es avec tables et bancs sur le parcours. Le sentier n\u2019est pas praticable\u00a0pendant la p\u00e9riode de chasse.<\/p>\n<p>&nbsp;<\/p>\n<p>&nbsp;<\/p>\n<p>&nbsp;<\/p>\n<h3><strong>Le site de l\u2019Echelle dite \u00ab\u00a0Pelouse aux Orchid\u00e9es\u00a0\u00bb<\/strong> \u00a0est situ\u00e9e dans le virage \u00e0 gauche \u00e0 l\u2019entr\u00e9e de Sommeval en venant de Bouilly.<\/h3>\n<p>Cette pelouse calcicole,\u00a0autrefois p\u00e2tur\u00e9e par les moutons,<\/p>\n<p>renferme une flore tr\u00e8s riche.<\/p>\n<p>Le Conservatoire des espaces naturels de Champagne-Ardenne qui g\u00e8re ce site y a recens\u00e9 une\u00a0quinzaine de vari\u00e9t\u00e9s d\u2019Orchid\u00e9es.<\/p>\n<p><img loading=\"lazy\" decoding=\"async\" class=\"alignleft wp-image-15\" src=\"http:\/\/sommeval.fr\/wp-content\/uploads\/2016\/01\/005-196x300.jpg\" alt=\"Orchid\u00e9e\" width=\"219\" height=\"335\" srcset=\"https:\/\/sommeval.fr\/ancien\/wp-content\/uploads\/2016\/01\/005-196x300.jpg 196w, https:\/\/sommeval.fr\/ancien\/wp-content\/uploads\/2016\/01\/005-768x1177.jpg 768w, https:\/\/sommeval.fr\/ancien\/wp-content\/uploads\/2016\/01\/005-668x1024.jpg 668w, https:\/\/sommeval.fr\/ancien\/wp-content\/uploads\/2016\/01\/005.jpg 1162w\" sizes=\"auto, (max-width: 219px) 85vw, 219px\" \/> <img loading=\"lazy\" decoding=\"async\" class=\"alignleft wp-image-14\" src=\"http:\/\/sommeval.fr\/wp-content\/uploads\/2016\/01\/004-201x300.jpg\" alt=\"Orchid\u00e9e\" width=\"226\" height=\"338\" srcset=\"https:\/\/sommeval.fr\/ancien\/wp-content\/uploads\/2016\/01\/004-201x300.jpg 201w, https:\/\/sommeval.fr\/ancien\/wp-content\/uploads\/2016\/01\/004-768x1145.jpg 768w, https:\/\/sommeval.fr\/ancien\/wp-content\/uploads\/2016\/01\/004-687x1024.jpg 687w, https:\/\/sommeval.fr\/ancien\/wp-content\/uploads\/2016\/01\/004-1200x1790.jpg 1200w, https:\/\/sommeval.fr\/ancien\/wp-content\/uploads\/2016\/01\/004.jpg 1337w\" sizes=\"auto, (max-width: 226px) 85vw, 226px\" \/> <img loading=\"lazy\" decoding=\"async\" class=\"wp-image-13 alignnone\" src=\"http:\/\/sommeval.fr\/wp-content\/uploads\/2016\/01\/006-195x300.jpg\" alt=\"Orchid\u00e9e\" width=\"224\" height=\"344\" \/><\/p>\n<p>Attention c\u2019est un site prot\u00e9g\u00e9 (feu, cueillette,\u00a0stationnement, d\u00e9tritus sont interdits).<\/p>\n<h2 style=\"text-align: center;\"><span style=\"text-decoration: underline;\">Des \u00e2nes \u00e0 Sommeval<\/span><\/h2>\n<p style=\"text-align: left;\">Cet \u00e9t\u00e9, deux \u00e2nesses, Romance et No\u00e9e se sont install\u00e9es sur la pelouse aux orchid\u00e9es.<\/p>\n<p style=\"text-align: left;\">En effet, devant la difficult\u00e9 de trouver des moutons ou des ch\u00e8vres pour entretenir cette pelouse, le conservatoire d&rsquo;espaces naturels de Champagne-Ardenne a sign\u00e9 un partenariat avec un propri\u00e9taire d&rsquo;\u00e2nes. L&rsquo;\u00e9cop\u00e2turage permet ainsi le maintien de la biodiversit\u00e9 du site.<\/p>\n<p style=\"text-align: left;\">\u00a0<img loading=\"lazy\" decoding=\"async\" class=\"wp-image-461 aligncenter\" src=\"http:\/\/www.sommeval.fr\/wp-content\/uploads\/2016\/09\/20160815_155701-169x300.jpg\" alt=\"20160815_155701\" width=\"290\" height=\"515\" srcset=\"https:\/\/sommeval.fr\/ancien\/wp-content\/uploads\/2016\/09\/20160815_155701-169x300.jpg 169w, https:\/\/sommeval.fr\/ancien\/wp-content\/uploads\/2016\/09\/20160815_155701-768x1365.jpg 768w, https:\/\/sommeval.fr\/ancien\/wp-content\/uploads\/2016\/09\/20160815_155701-576x1024.jpg 576w, https:\/\/sommeval.fr\/ancien\/wp-content\/uploads\/2016\/09\/20160815_155701-1200x2133.jpg 1200w, https:\/\/sommeval.fr\/ancien\/wp-content\/uploads\/2016\/09\/20160815_155701.jpg 1836w\" sizes=\"auto, (max-width: 290px) 85vw, 290px\" \/><\/p>\n","protected":false},"excerpt":{"rendered":"<p>Sommeval est un carrefour important de randonn\u00e9es en Pays d\u2019Othe. La commune est travers\u00e9e par\u00a0le GR2 qui permet de rejoindre Paris par Aix-en-Othe et Dijon par Chaource. Ce GR2 est une voie de\u00a0passage des p\u00e8lerins de Compostelle fr\u00e9quent\u00e9e par de nombreux \u00e9trangers. Il est possible aux randonneurs de b\u00e9n\u00e9ficier d\u2019une salle hors sac situ\u00e9e en haut de la rue de l\u2019Eglise.\u00a0Cette salle est \u00e9quip\u00e9e d\u2019une cuisine, eau chaude eau froide, WC et chauffage. Mais il faut pr\u00e9ciser\u00a0aux randonneurs qu\u2019il n\u2019y a aucun commerce \u00e0 Sommeval pour se ravitailler. Vous pouvez\u00a0\u00e9galement d\u00e9couvrir le sentier du Loup cr\u00e9e en 1998. Trois circuits &hellip; <a href=\"https:\/\/sommeval.fr\/ancien\/circuits-de-randonnees\/\" class=\"more-link\">Continuer la lecture<span class=\"screen-reader-text\"> de &laquo;&nbsp;Circuits de randonn\u00e9es&nbsp;&raquo;<\/span><\/a><\/p>\n","protected":false},"author":3,"featured_media":0,"parent":0,"menu_order":0,"comment_status":"closed","ping_status":"closed","template":"","meta":{"footnotes":""},"class_list":["post-12","page","type-page","status-publish","hentry"],"_links":{"self":[{"href":"https:\/\/sommeval.fr\/ancien\/wp-json\/wp\/v2\/pages\/12","targetHints":{"allow":["GET"]}}],"collection":[{"href":"https:\/\/sommeval.fr\/ancien\/wp-json\/wp\/v2\/pages"}],"about":[{"href":"https:\/\/sommeval.fr\/ancien\/wp-json\/wp\/v2\/types\/page"}],"author":[{"embeddable":true,"href":"https:\/\/sommeval.fr\/ancien\/wp-json\/wp\/v2\/users\/3"}],"replies":[{"embeddable":true,"href":"https:\/\/sommeval.fr\/ancien\/wp-json\/wp\/v2\/comments?post=12"}],"version-history":[{"count":16,"href":"https:\/\/sommeval.fr\/ancien\/wp-json\/wp\/v2\/pages\/12\/revisions"}],"predecessor-version":[{"id":572,"href":"https:\/\/sommeval.fr\/ancien\/wp-json\/wp\/v2\/pages\/12\/revisions\/572"}],"wp:attachment":[{"href":"https:\/\/sommeval.fr\/ancien\/wp-json\/wp\/v2\/media?parent=12"}],"curies":[{"name":"wp","href":"https:\/\/api.w.org\/{rel}","templated":true}]}}