{"id":22,"date":"2016-05-04T15:37:13","date_gmt":"2016-05-04T14:37:13","guid":{"rendered":"http:\/\/sommeval.fr\/?page_id=22"},"modified":"2016-05-04T14:36:57","modified_gmt":"2016-05-04T13:36:57","slug":"fleurissement","status":"publish","type":"page","link":"https:\/\/sommeval.fr\/ancien\/fleurissement\/","title":{"rendered":"fleurissement"},"content":{"rendered":"<h3 style=\"text-align: left;\">Plantation pour l&#8217;embellissement de la commune<\/h3>\n<p style=\"text-align: left;\">L&rsquo;\u00e9t\u00e9 approche \u00e0 grands pas et le temps de jardiner est arriv\u00e9 si on veut que la commune soit fleurie toute la saison. Quelques membres de la commission de fleurissement aid\u00e9s par Serge et 2 b\u00e9n\u00e9voles ont donc plant\u00e9 les dahlias dans les massifs communaux. Merci \u00e0 eux et aux particuliers volontaires pour l&rsquo;entretien de ces massifs.<\/p>\n<p style=\"text-align: left;\"><img loading=\"lazy\" decoding=\"async\" class=\"alignnone size-medium wp-image-367\" src=\"http:\/\/www.sommeval.fr\/wp-content\/uploads\/2016\/05\/IMG_6749-300x225.jpg\" alt=\"IMG_6749\" width=\"300\" height=\"225\" srcset=\"https:\/\/sommeval.fr\/ancien\/wp-content\/uploads\/2016\/05\/IMG_6749-300x225.jpg 300w, https:\/\/sommeval.fr\/ancien\/wp-content\/uploads\/2016\/05\/IMG_6749-768x576.jpg 768w, https:\/\/sommeval.fr\/ancien\/wp-content\/uploads\/2016\/05\/IMG_6749-1024x768.jpg 1024w, https:\/\/sommeval.fr\/ancien\/wp-content\/uploads\/2016\/05\/IMG_6749-1200x900.jpg 1200w\" sizes=\"auto, (max-width: 300px) 85vw, 300px\" \/>\u00a0<img loading=\"lazy\" decoding=\"async\" class=\"alignnone size-medium wp-image-365\" src=\"http:\/\/www.sommeval.fr\/wp-content\/uploads\/2016\/05\/IMG_6747-300x225.jpg\" alt=\"IMG_6747\" width=\"300\" height=\"225\" srcset=\"https:\/\/sommeval.fr\/ancien\/wp-content\/uploads\/2016\/05\/IMG_6747-300x225.jpg 300w, https:\/\/sommeval.fr\/ancien\/wp-content\/uploads\/2016\/05\/IMG_6747-768x576.jpg 768w, https:\/\/sommeval.fr\/ancien\/wp-content\/uploads\/2016\/05\/IMG_6747-1024x768.jpg 1024w, https:\/\/sommeval.fr\/ancien\/wp-content\/uploads\/2016\/05\/IMG_6747-1200x900.jpg 1200w\" sizes=\"auto, (max-width: 300px) 85vw, 300px\" \/>\u00a0<img loading=\"lazy\" decoding=\"async\" class=\"alignnone size-medium wp-image-366\" src=\"http:\/\/www.sommeval.fr\/wp-content\/uploads\/2016\/05\/IMG_6748-300x225.jpg\" alt=\"IMG_6748\" width=\"300\" height=\"225\" srcset=\"https:\/\/sommeval.fr\/ancien\/wp-content\/uploads\/2016\/05\/IMG_6748-300x225.jpg 300w, https:\/\/sommeval.fr\/ancien\/wp-content\/uploads\/2016\/05\/IMG_6748-768x576.jpg 768w, https:\/\/sommeval.fr\/ancien\/wp-content\/uploads\/2016\/05\/IMG_6748-1024x768.jpg 1024w, https:\/\/sommeval.fr\/ancien\/wp-content\/uploads\/2016\/05\/IMG_6748-1200x900.jpg 1200w\" sizes=\"auto, (max-width: 300px) 85vw, 300px\" \/>\u00a0<img loading=\"lazy\" decoding=\"async\" class=\"alignnone size-medium wp-image-369\" src=\"http:\/\/www.sommeval.fr\/wp-content\/uploads\/2016\/05\/IMG_6751-300x225.jpg\" alt=\"IMG_6751\" width=\"300\" height=\"225\" srcset=\"https:\/\/sommeval.fr\/ancien\/wp-content\/uploads\/2016\/05\/IMG_6751-300x225.jpg 300w, https:\/\/sommeval.fr\/ancien\/wp-content\/uploads\/2016\/05\/IMG_6751-768x576.jpg 768w, https:\/\/sommeval.fr\/ancien\/wp-content\/uploads\/2016\/05\/IMG_6751-1024x768.jpg 1024w, https:\/\/sommeval.fr\/ancien\/wp-content\/uploads\/2016\/05\/IMG_6751-1200x900.jpg 1200w\" sizes=\"auto, (max-width: 300px) 85vw, 300px\" \/><\/p>\n<p style=\"text-align: center;\"><!--more--><\/p>\n<h3 style=\"text-align: center;\">\u00a0Label villes et villages fleuris 2 fleurs<\/h3>\n<p><img loading=\"lazy\" decoding=\"async\" class=\" wp-image-168 aligncenter\" src=\"http:\/\/www.sommeval.fr\/wp-content\/uploads\/2016\/01\/2\u00e8me-fleur-1-300x225.jpg\" alt=\"2\u00e8me fleur (1)\" width=\"413\" height=\"310\" srcset=\"https:\/\/sommeval.fr\/ancien\/wp-content\/uploads\/2016\/01\/2\u00e8me-fleur-1-300x225.jpg 300w, https:\/\/sommeval.fr\/ancien\/wp-content\/uploads\/2016\/01\/2\u00e8me-fleur-1-768x576.jpg 768w, https:\/\/sommeval.fr\/ancien\/wp-content\/uploads\/2016\/01\/2\u00e8me-fleur-1.jpg 1024w\" sizes=\"auto, (max-width: 413px) 85vw, 413px\" \/><\/p>\n<p>Sommeval, village tranquille aux portes du pays d&rsquo;Othe, le charme d&rsquo;un village vallonn\u00e9 blotti au fond d&rsquo;une vall\u00e9e entour\u00e9 de for\u00eats, son square Gabriel Groley inaugur\u00e9 en 2009, sa pelouse aux orchid\u00e9es, son sentier du loup&#8230; a s\u00e9duit les membres du jury.<\/p>\n<p>D\u00e8s 1974, Sommeval a \u00e9t\u00e9 prim\u00e9 en recevant le dipl\u00f4me d&rsquo;honneur de la soci\u00e9t\u00e9 fran\u00e7aise du dahlia et le dipl\u00f4me de propret\u00e9 des villes et villages, d\u00e9cern\u00e9 par le Conseil g\u00e9n\u00e9ral. Ces deux dipl\u00f4mes ont \u00e9t\u00e9 re\u00e7us plusieurs ann\u00e9es cons\u00e9cutives jusqu&rsquo;\u00e0 l&rsquo;obtention de la premi\u00e8re fleur en 2006.<\/p>\n<p>En 2014, le jury d\u00e9partemental a, de nouveau, \u00a0arpent\u00e9 les rues de la commune afin d&rsquo;appr\u00e9cier l&rsquo;\u00e9volution des efforts men\u00e9s dans le domaine du fleurissement et du cadre de vie. Il a pu appr\u00e9cier l&#8217;embellissement de la commune par le biais du concours des maisons fleuries. Ce jury a alors d\u00e9cid\u00e9 de nous attribuer<strong> le label villes et villages fleuris 2 fleurs.<\/strong><\/p>\n<p>&nbsp;<\/p>\n<p>&nbsp;<\/p>\n<p><img loading=\"lazy\" decoding=\"async\" class=\"wp-image-232 alignleft\" src=\"http:\/\/www.sommeval.fr\/wp-content\/uploads\/2016\/01\/IMG_5709-300x225.gif\" alt=\"IMG_5709\" width=\"330\" height=\"248\" srcset=\"https:\/\/sommeval.fr\/ancien\/wp-content\/uploads\/2016\/01\/IMG_5709-300x225.gif 300w, https:\/\/sommeval.fr\/ancien\/wp-content\/uploads\/2016\/01\/IMG_5709-768x576.gif 768w, https:\/\/sommeval.fr\/ancien\/wp-content\/uploads\/2016\/01\/IMG_5709-1024x768.gif 1024w, https:\/\/sommeval.fr\/ancien\/wp-content\/uploads\/2016\/01\/IMG_5709-1200x900.gif 1200w\" sizes=\"auto, (max-width: 330px) 85vw, 330px\" \/>\u00a0 \u00a0 \u00a0 \u00a0 \u00a0 \u00a0 \u00a0 \u00a0 \u00a0 \u00a0 \u00a0 \u00a0 \u00a0 \u00a0\u00a0<img loading=\"lazy\" decoding=\"async\" class=\"wp-image-233 alignright\" src=\"http:\/\/www.sommeval.fr\/wp-content\/uploads\/2016\/01\/IMG_5724-300x225.gif\" alt=\"IMG_5724\" width=\"330\" height=\"247\" srcset=\"https:\/\/sommeval.fr\/ancien\/wp-content\/uploads\/2016\/01\/IMG_5724-300x225.gif 300w, https:\/\/sommeval.fr\/ancien\/wp-content\/uploads\/2016\/01\/IMG_5724-768x576.gif 768w, https:\/\/sommeval.fr\/ancien\/wp-content\/uploads\/2016\/01\/IMG_5724-1024x768.gif 1024w, https:\/\/sommeval.fr\/ancien\/wp-content\/uploads\/2016\/01\/IMG_5724-1200x900.gif 1200w\" sizes=\"auto, (max-width: 330px) 85vw, 330px\" \/><\/p>\n<p>&nbsp;<\/p>\n<p>&nbsp;<\/p>\n<p>&nbsp;<\/p>\n","protected":false},"excerpt":{"rendered":"<p>Plantation pour l&#8217;embellissement de la commune L&rsquo;\u00e9t\u00e9 approche \u00e0 grands pas et le temps de jardiner est arriv\u00e9 si on veut que la commune soit fleurie toute la saison. Quelques membres de la commission de fleurissement aid\u00e9s par Serge et 2 b\u00e9n\u00e9voles ont donc plant\u00e9 les dahlias dans les massifs communaux. Merci \u00e0 eux et aux particuliers volontaires pour l&rsquo;entretien de ces massifs. \u00a0\u00a0\u00a0<\/p>\n","protected":false},"author":3,"featured_media":0,"parent":0,"menu_order":0,"comment_status":"closed","ping_status":"closed","template":"","meta":{"footnotes":""},"class_list":["post-22","page","type-page","status-publish","hentry"],"_links":{"self":[{"href":"https:\/\/sommeval.fr\/ancien\/wp-json\/wp\/v2\/pages\/22","targetHints":{"allow":["GET"]}}],"collection":[{"href":"https:\/\/sommeval.fr\/ancien\/wp-json\/wp\/v2\/pages"}],"about":[{"href":"https:\/\/sommeval.fr\/ancien\/wp-json\/wp\/v2\/types\/page"}],"author":[{"embeddable":true,"href":"https:\/\/sommeval.fr\/ancien\/wp-json\/wp\/v2\/users\/3"}],"replies":[{"embeddable":true,"href":"https:\/\/sommeval.fr\/ancien\/wp-json\/wp\/v2\/comments?post=22"}],"version-history":[{"count":15,"href":"https:\/\/sommeval.fr\/ancien\/wp-json\/wp\/v2\/pages\/22\/revisions"}],"predecessor-version":[{"id":227,"href":"https:\/\/sommeval.fr\/ancien\/wp-json\/wp\/v2\/pages\/22\/revisions\/227"}],"wp:attachment":[{"href":"https:\/\/sommeval.fr\/ancien\/wp-json\/wp\/v2\/media?parent=22"}],"curies":[{"name":"wp","href":"https:\/\/api.w.org\/{rel}","templated":true}]}}