{"id":29,"date":"2017-03-22T11:03:21","date_gmt":"2017-03-22T10:03:21","guid":{"rendered":"http:\/\/sommeval.fr\/?page_id=29"},"modified":"2018-06-20T16:07:11","modified_gmt":"2018-06-20T15:07:11","slug":"pompiers","status":"publish","type":"page","link":"https:\/\/sommeval.fr\/ancien\/pompiers\/","title":{"rendered":"Pompiers"},"content":{"rendered":"<h2 style=\"text-align: center;\">Remise de grade<\/h2>\n<p style=\"text-align: left;\">Le 8 mai 2018, les pompiers de Sommeval ont \u00e9t\u00e9 mis \u00e0 l&rsquo;honneur\u00a0 par arr\u00eat\u00e9 municipal :<\/p>\n<ul>\n<li style=\"text-align: left;\">Mr Bettoni Adrien a \u00e9t\u00e9 nomm\u00e9 sapeur pompiers 1 \u00e8re classe<\/li>\n<li style=\"text-align: left;\">Mrs Lecerf Julien, Paris Benoit et Bertin Damien ont re\u00e7u l&rsquo;appellation de Caporal Chef des sapeurs pompiers volontaires<\/li>\n<li style=\"text-align: left;\">Mr Lecerf Herv\u00e9 a \u00e9t\u00e9 nomm\u00e9 au grade de Caporal<\/li>\n<li style=\"text-align: left;\">Mr Lecerf Benjamin a re\u00e7u l&rsquo;appellation d&rsquo;adjudant chef<\/li>\n<li style=\"text-align: left;\">Mr Demotier Didier a re\u00e7u la m\u00e9daille de l&rsquo;union pour 25 ans de service<\/li>\n<\/ul>\n<p>&nbsp;<\/p>\n<p>A l&rsquo;issue, la municipalit\u00e9 a offert un pot de l&rsquo;amiti\u00e9 \u00e0 toutes les personnes pr\u00e9sentes.<\/p>\n<p><img loading=\"lazy\" decoding=\"async\" class=\"wp-image-725 alignleft\" src=\"http:\/\/www.sommeval.fr\/wp-content\/uploads\/2017\/03\/DSC04217-300x225.jpg\" alt=\"DSC04217\" width=\"404\" height=\"303\" srcset=\"https:\/\/sommeval.fr\/ancien\/wp-content\/uploads\/2017\/03\/DSC04217-300x225.jpg 300w, https:\/\/sommeval.fr\/ancien\/wp-content\/uploads\/2017\/03\/DSC04217-768x576.jpg 768w, https:\/\/sommeval.fr\/ancien\/wp-content\/uploads\/2017\/03\/DSC04217-1024x768.jpg 1024w, https:\/\/sommeval.fr\/ancien\/wp-content\/uploads\/2017\/03\/DSC04217-1200x900.jpg 1200w\" sizes=\"auto, (max-width: 404px) 85vw, 404px\" \/><\/p>\n<p><img loading=\"lazy\" decoding=\"async\" class=\"alignnone wp-image-726 aligncenter\" src=\"http:\/\/www.sommeval.fr\/wp-content\/uploads\/2017\/03\/DSC04240-300x225.jpg\" alt=\"DSC04240\" width=\"418\" height=\"314\" srcset=\"https:\/\/sommeval.fr\/ancien\/wp-content\/uploads\/2017\/03\/DSC04240-300x225.jpg 300w, https:\/\/sommeval.fr\/ancien\/wp-content\/uploads\/2017\/03\/DSC04240-768x576.jpg 768w, https:\/\/sommeval.fr\/ancien\/wp-content\/uploads\/2017\/03\/DSC04240-1024x768.jpg 1024w, https:\/\/sommeval.fr\/ancien\/wp-content\/uploads\/2017\/03\/DSC04240-1200x900.jpg 1200w\" sizes=\"auto, (max-width: 418px) 85vw, 418px\" \/><!--more--><\/p>\n<p><img loading=\"lazy\" decoding=\"async\" class=\"alignnone wp-image-578 aligncenter\" src=\"http:\/\/www.sommeval.fr\/wp-content\/uploads\/2017\/06\/DSC_0365-300x200.jpg\" alt=\"DSC_0365\" width=\"470\" height=\"313\" srcset=\"https:\/\/sommeval.fr\/ancien\/wp-content\/uploads\/2017\/06\/DSC_0365-300x200.jpg 300w, https:\/\/sommeval.fr\/ancien\/wp-content\/uploads\/2017\/06\/DSC_0365-768x512.jpg 768w, https:\/\/sommeval.fr\/ancien\/wp-content\/uploads\/2017\/06\/DSC_0365-1024x683.jpg 1024w, https:\/\/sommeval.fr\/ancien\/wp-content\/uploads\/2017\/06\/DSC_0365-1200x800.jpg 1200w\" sizes=\"auto, (max-width: 470px) 85vw, 470px\" \/><\/p>\n<p>La commune de Sommeval poss\u00e8de un Centre de premi\u00e8re intervention compos\u00e9 de 8 pompiers en 2018.<\/p>\n<p>De gauche \u00e0 droite\u00a0: Benjamin Lecerf , chef de corps, Alain Lecerf (retrait\u00e9), Didier\u00a0Demotier, Benoit Paris, Herv\u00e9 Lecerf, Julien Lecerf,\u00a0 et Adrien Bettoni .<\/p>\n<p>Le centre de premi\u00e8re intervention de la commune fait appel \u00e0 candidature pour int\u00e9grer l&rsquo;\u00e9quipe. S&rsquo;adresser \u00e0 Benjamin Lecerf chef de corps.<\/p>\n<p><!--more--><\/p>\n<header class=\"single-post-header\">\n<h1 class=\"single-post-title\">D\u00e9part \u00e0 la retraite de notre chef de corps du CPI de Sommeval<\/h1>\n<p class=\"time-post\">Publi\u00e9 le 27 septembre 2017<\/p>\n<\/header>\n<div class=\"entry-content\">\n<p><img loading=\"lazy\" decoding=\"async\" class=\"wp-image-635 alignleft\" src=\"http:\/\/www.sommeval.fr\/wp-content\/uploads\/2017\/09\/DSC_0112-300x200.jpg\" sizes=\"auto, (max-width: 513px) 85vw, 513px\" srcset=\"http:\/\/www.sommeval.fr\/wp-content\/uploads\/2017\/09\/DSC_0112-300x200.jpg 300w, http:\/\/www.sommeval.fr\/wp-content\/uploads\/2017\/09\/DSC_0112-768x512.jpg 768w, http:\/\/www.sommeval.fr\/wp-content\/uploads\/2017\/09\/DSC_0112.jpg 1024w\" alt=\"DSC_0112\" width=\"513\" height=\"342\" \/><\/p>\n<p>Le 9 septembre dernier, Alain Lecerf a \u00e9t\u00e9 mis \u00e0 l\u2019honneur pour son d\u00e9part \u00e0 la retraite en qualit\u00e9 de chef de corps des sapeurs-pompiers volontaires, apr\u00e8s 44 ans au service de tous.<\/p>\n<p>C\u2019est en 1972, qu\u2019Alain d\u00e9bute cette passion, au sein des effectifs des sapeurs-pompiers de Paris, dans le cadre de son service militaire. Il rejoint le \u00a0CPI de Sommeval le 1er janvier 1974, et est nomm\u00e9 chef de corps le 3 mai 1974.<\/p>\n<p>Pendant toutes ces ann\u00e9es, il s\u2019est engag\u00e9 sans compter, sur son temps personnel, pour secourir et s\u00e9curiser le quotidien de tous les habitants. Il s\u2019est toujours battu pour assurer le le bon fonctionnement du CPI, sans rel\u00e2che et avec toujours autant de dynamisme.<\/p>\n<p>Pour lui, c\u2019\u00e9tait un investissement de tous les instants, pr\u00e9sent sur les interventions, mais aussi tr\u00e8s actif avec ses coll\u00e8gues pompiers sur les manifestations et festivit\u00e9s de notre village. On peut \u00e9galement lui reconna\u00eetre un esprit d\u2019initiative pour mener \u00e0 bien des projets avec son \u00e9quipe. La transformation d\u2019un Dodge (v\u00e9hicule militaire)achet\u00e9 par la commune en 1984, en v\u00e9hicule de premi\u00e8re intervention en est le plus bel exemple.<\/p>\n<p>Il a connu des moments forts lors d\u2019un atterrissage\u00a0forc\u00e9 d\u2019un avion, la temp\u00eate de 1999, etc, mais aussi les secours \u00e0 la personne, feux de chemin\u00e9e, nids de gu\u00eapes\u2026<\/p>\n<p>Dans son discours, Monsieur le Maire a soulign\u00e9 que dans la vie d\u2019une commune rurale comme la n\u00f4tre, les sapeurs-pompiers volontaires jouent un r\u00f4le capital de proximit\u00e9. Il a tenu \u00e0 les remercier pour cet engagement. Ensuite, il remis \u00e0 Alain le galon de lieutenant honoraire et \u00e0 remerci\u00e9 son \u00e9pouse pour l\u2019avoir soutenu pendant toutes ces ann\u00e9es. Puis, il s\u2019est tourn\u00e9 vers Benjamin Lecerf, pour lui remettre son arr\u00eat\u00e9 de nomination en qualit\u00e9 de chef de corps.<\/p>\n<p>Moment d\u2019\u00e9motion pour toute la famille, et pour leurs proches lors de ce passage de flambeau.<\/p>\n<p>Tr\u00e8s bonne retraite \u00e0 Alain et souhaitons une bonne prise de poste \u00e0 Benjamin.<\/p>\n<p><img loading=\"lazy\" decoding=\"async\" class=\"alignnone wp-image-651 aligncenter\" src=\"http:\/\/www.sommeval.fr\/wp-content\/uploads\/2017\/09\/IMG_8026-300x225.jpg\" alt=\"IMG_8026\" width=\"458\" height=\"344\" srcset=\"https:\/\/sommeval.fr\/ancien\/wp-content\/uploads\/2017\/09\/IMG_8026-300x225.jpg 300w, https:\/\/sommeval.fr\/ancien\/wp-content\/uploads\/2017\/09\/IMG_8026-768x576.jpg 768w, https:\/\/sommeval.fr\/ancien\/wp-content\/uploads\/2017\/09\/IMG_8026-1024x768.jpg 1024w, https:\/\/sommeval.fr\/ancien\/wp-content\/uploads\/2017\/09\/IMG_8026-1200x900.jpg 1200w\" sizes=\"auto, (max-width: 458px) 85vw, 458px\" \/><\/p>\n<\/div>\n<h2 style=\"text-align: center;\">Parcours sportif annuel des sapeurs pompiers du canton<\/h2>\n<p>Le dimanche 17 avril 2016, les sapeurs pompiers du canton se sont r\u00e9unis pour participer au parcours sportif annuel. Les pompiers du CPI de Sommeval ont obtenu les r\u00e9sultats suivants :<\/p>\n<p>Damien Bertin \u00a0 \u00a0 2\u00e8me \u00e0 l&rsquo;\u00e9preuve du 1000 m<\/p>\n<p>Didier Demotier \u00a0 3\u00e8me v\u00e9t\u00e9ran 2 \u00e0 l&rsquo;\u00e9preuve du \u00a0parcours sportif<\/p>\n<p>Julien Lecerf \u00a0 \u00a0 \u00a0 \u00a05\u00e8me s\u00e9nior \u00e0 l&rsquo;\u00e9preuve du parcours sportif<\/p>\n<h2 style=\"text-align: center;\"><img loading=\"lazy\" decoding=\"async\" class=\"alignnone wp-image-348\" src=\"http:\/\/www.sommeval.fr\/wp-content\/uploads\/2016\/04\/Julien-.-1024x768.jpg\" alt=\"Julien .\" width=\"380\" height=\"285\" srcset=\"https:\/\/sommeval.fr\/ancien\/wp-content\/uploads\/2016\/04\/Julien-..jpg 1024w, https:\/\/sommeval.fr\/ancien\/wp-content\/uploads\/2016\/04\/Julien-.-300x225.jpg 300w, https:\/\/sommeval.fr\/ancien\/wp-content\/uploads\/2016\/04\/Julien-.-768x576.jpg 768w\" sizes=\"auto, (max-width: 380px) 85vw, 380px\" \/> <img loading=\"lazy\" decoding=\"async\" class=\"wp-image-347 alignnone\" src=\"http:\/\/www.sommeval.fr\/wp-content\/uploads\/2016\/04\/Didier-1024x768.jpg\" alt=\"Didier\" width=\"379\" height=\"284\" srcset=\"https:\/\/sommeval.fr\/ancien\/wp-content\/uploads\/2016\/04\/Didier.jpg 1024w, https:\/\/sommeval.fr\/ancien\/wp-content\/uploads\/2016\/04\/Didier-300x225.jpg 300w, https:\/\/sommeval.fr\/ancien\/wp-content\/uploads\/2016\/04\/Didier-768x576.jpg 768w\" sizes=\"auto, (max-width: 379px) 85vw, 379px\" \/>\u00a0<img loading=\"lazy\" decoding=\"async\" class=\"wp-image-346 alignnone\" src=\"http:\/\/www.sommeval.fr\/wp-content\/uploads\/2016\/04\/Didier-.-1024x768.jpg\" alt=\"Didier .\" width=\"380\" height=\"285\" srcset=\"https:\/\/sommeval.fr\/ancien\/wp-content\/uploads\/2016\/04\/Didier-..jpg 1024w, https:\/\/sommeval.fr\/ancien\/wp-content\/uploads\/2016\/04\/Didier-.-300x225.jpg 300w, https:\/\/sommeval.fr\/ancien\/wp-content\/uploads\/2016\/04\/Didier-.-768x576.jpg 768w\" sizes=\"auto, (max-width: 380px) 85vw, 380px\" \/> <img loading=\"lazy\" decoding=\"async\" class=\"alignnone wp-image-345\" src=\"http:\/\/www.sommeval.fr\/wp-content\/uploads\/2016\/04\/Damien-1024x768.jpg\" alt=\"Damien\" width=\"380\" height=\"285\" srcset=\"https:\/\/sommeval.fr\/ancien\/wp-content\/uploads\/2016\/04\/Damien.jpg 1024w, https:\/\/sommeval.fr\/ancien\/wp-content\/uploads\/2016\/04\/Damien-300x225.jpg 300w, https:\/\/sommeval.fr\/ancien\/wp-content\/uploads\/2016\/04\/Damien-768x576.jpg 768w\" sizes=\"auto, (max-width: 380px) 85vw, 380px\" \/> <img loading=\"lazy\" decoding=\"async\" class=\"alignnone wp-image-344\" src=\"http:\/\/www.sommeval.fr\/wp-content\/uploads\/2016\/04\/Damien-.-300x225.jpg\" alt=\"Damien .\" width=\"380\" height=\"285\" srcset=\"https:\/\/sommeval.fr\/ancien\/wp-content\/uploads\/2016\/04\/Damien-.-300x225.jpg 300w, https:\/\/sommeval.fr\/ancien\/wp-content\/uploads\/2016\/04\/Damien-.-768x576.jpg 768w, https:\/\/sommeval.fr\/ancien\/wp-content\/uploads\/2016\/04\/Damien-..jpg 1024w\" sizes=\"auto, (max-width: 380px) 85vw, 380px\" \/><\/h2>\n<p>Cette matin\u00e9e sportive s&rsquo;est achev\u00e9e par une remise de coupe et de troph\u00e9e suivi d&rsquo;un pot de l&rsquo;amiti\u00e9.<\/p>\n<p><img loading=\"lazy\" decoding=\"async\" class=\"wp-image-350 alignnone\" src=\"http:\/\/www.sommeval.fr\/wp-content\/uploads\/2016\/04\/le-groupe-1024x768.jpg\" alt=\"le groupe\" width=\"380\" height=\"285\" srcset=\"https:\/\/sommeval.fr\/ancien\/wp-content\/uploads\/2016\/04\/le-groupe.jpg 1024w, https:\/\/sommeval.fr\/ancien\/wp-content\/uploads\/2016\/04\/le-groupe-300x225.jpg 300w, https:\/\/sommeval.fr\/ancien\/wp-content\/uploads\/2016\/04\/le-groupe-768x576.jpg 768w\" sizes=\"auto, (max-width: 380px) 85vw, 380px\" \/><img loading=\"lazy\" decoding=\"async\" class=\"wp-image-357 alignnone\" src=\"http:\/\/www.sommeval.fr\/wp-content\/uploads\/2016\/01\/Maire-S.P.-300x225.jpg\" alt=\"Maire S.P.\" width=\"380\" height=\"285\" srcset=\"https:\/\/sommeval.fr\/ancien\/wp-content\/uploads\/2016\/01\/Maire-S.P.-300x225.jpg 300w, https:\/\/sommeval.fr\/ancien\/wp-content\/uploads\/2016\/01\/Maire-S.P.-768x576.jpg 768w, https:\/\/sommeval.fr\/ancien\/wp-content\/uploads\/2016\/01\/Maire-S.P..jpg 1024w\" sizes=\"auto, (max-width: 380px) 85vw, 380px\" \/><\/p>\n<h3 style=\"text-align: center;\"><\/h3>\n<h2 style=\"text-align: center;\"><span style=\"text-decoration: underline;\">D\u00e9part \u00e0 la retraite de Francis CRESPEAU apr\u00e8s 39 ann\u00e9es de d\u00e9vouement.<\/span><\/h2>\n<p><img loading=\"lazy\" decoding=\"async\" class=\"wp-image-550 alignnone\" src=\"http:\/\/www.sommeval.fr\/wp-content\/uploads\/2017\/03\/IMG_7308-300x225.jpg\" alt=\"IMG_7308\" width=\"357\" height=\"268\" srcset=\"https:\/\/sommeval.fr\/ancien\/wp-content\/uploads\/2017\/03\/IMG_7308-300x225.jpg 300w, https:\/\/sommeval.fr\/ancien\/wp-content\/uploads\/2017\/03\/IMG_7308-768x576.jpg 768w, https:\/\/sommeval.fr\/ancien\/wp-content\/uploads\/2017\/03\/IMG_7308-1024x768.jpg 1024w, https:\/\/sommeval.fr\/ancien\/wp-content\/uploads\/2017\/03\/IMG_7308-1200x900.jpg 1200w\" sizes=\"auto, (max-width: 357px) 85vw, 357px\" \/> <img loading=\"lazy\" decoding=\"async\" class=\"alignnone wp-image-549\" src=\"http:\/\/www.sommeval.fr\/wp-content\/uploads\/2017\/03\/IMG_7306-300x225.jpg\" alt=\"IMG_7306\" width=\"359\" height=\"269\" srcset=\"https:\/\/sommeval.fr\/ancien\/wp-content\/uploads\/2017\/03\/IMG_7306-300x225.jpg 300w, https:\/\/sommeval.fr\/ancien\/wp-content\/uploads\/2017\/03\/IMG_7306-768x576.jpg 768w, https:\/\/sommeval.fr\/ancien\/wp-content\/uploads\/2017\/03\/IMG_7306-1024x768.jpg 1024w, https:\/\/sommeval.fr\/ancien\/wp-content\/uploads\/2017\/03\/IMG_7306-1200x900.jpg 1200w\" sizes=\"auto, (max-width: 359px) 85vw, 359px\" \/><img loading=\"lazy\" decoding=\"async\" class=\"wp-image-552 aligncenter\" src=\"http:\/\/www.sommeval.fr\/wp-content\/uploads\/2017\/03\/IMG_7309-300x225.jpg\" alt=\"IMG_7309\" width=\"359\" height=\"270\" srcset=\"https:\/\/sommeval.fr\/ancien\/wp-content\/uploads\/2017\/03\/IMG_7309-300x225.jpg 300w, https:\/\/sommeval.fr\/ancien\/wp-content\/uploads\/2017\/03\/IMG_7309-768x576.jpg 768w, https:\/\/sommeval.fr\/ancien\/wp-content\/uploads\/2017\/03\/IMG_7309-1024x768.jpg 1024w, https:\/\/sommeval.fr\/ancien\/wp-content\/uploads\/2017\/03\/IMG_7309-1200x900.jpg 1200w\" sizes=\"auto, (max-width: 359px) 85vw, 359px\" \/><\/p>\n<p>Le 25 f\u00e9vrier dernier, la municipalit\u00e9 et le CPI de Sommeval ont mis \u00e0 l&rsquo;honneur le caporal-chef Francis CRESPEAU, pour toutes les ann\u00e9es qu&rsquo;il a pass\u00e9 en qualit\u00e9 de sapeur-pompier volontaire.<\/p>\n<p>Francis s&rsquo;est engag\u00e9 le 06 f\u00e9vrier 1977 au CIS de la Chapelle St Luc puis le 1er d\u00e9cembre 1998 il a int\u00e9gr\u00e9 le CPI de Sommeval. Pendant toutes ses ann\u00e9es, Francis a suivi de nombreuses formations et a \u00e9t\u00e9 m\u00e9daill\u00e9 plusieurs fois. Il fut promu Caporal en 2003 puis Caporal chef en 2014.<\/p>\n<p>Lors de son discours, Alain LECERF, chef de corps, n&rsquo;a pas manqu\u00e9 de saluer la grande disponibilit\u00e9 de Francis.<\/p>\n<p>Monsieur le Maire a tenu \u00e0 lui t\u00e9moigner sa reconnaissance en son nom et celui de la municipalit\u00e9, pour son engagement au service de la population.<\/p>\n<p>Monsieur le Maire lui a remis le galon de Sergent honoraire et Benoit PARIS, un pr\u00e9sent au nom de l&rsquo;amicale des sapeurs pompiers dont il est le pr\u00e9sident.<\/p>\n<p>&nbsp;<\/p>\n<p>&nbsp;<\/p>\n<p>&nbsp;<\/p>\n","protected":false},"excerpt":{"rendered":"<p>Remise de grade Le 8 mai 2018, les pompiers de Sommeval ont \u00e9t\u00e9 mis \u00e0 l&rsquo;honneur\u00a0 par arr\u00eat\u00e9 municipal : Mr Bettoni Adrien a \u00e9t\u00e9 nomm\u00e9 sapeur pompiers 1 \u00e8re classe Mrs Lecerf Julien, Paris Benoit et Bertin Damien ont re\u00e7u l&rsquo;appellation de Caporal Chef des sapeurs pompiers volontaires Mr Lecerf Herv\u00e9 a \u00e9t\u00e9 nomm\u00e9 au grade de Caporal Mr Lecerf Benjamin a re\u00e7u l&rsquo;appellation d&rsquo;adjudant chef Mr Demotier Didier a re\u00e7u la m\u00e9daille de l&rsquo;union pour 25 ans de service &nbsp; A l&rsquo;issue, la municipalit\u00e9 a offert un pot de l&rsquo;amiti\u00e9 \u00e0 toutes les personnes pr\u00e9sentes.<\/p>\n","protected":false},"author":3,"featured_media":0,"parent":0,"menu_order":0,"comment_status":"closed","ping_status":"closed","template":"","meta":{"footnotes":""},"class_list":["post-29","page","type-page","status-publish","hentry"],"_links":{"self":[{"href":"https:\/\/sommeval.fr\/ancien\/wp-json\/wp\/v2\/pages\/29","targetHints":{"allow":["GET"]}}],"collection":[{"href":"https:\/\/sommeval.fr\/ancien\/wp-json\/wp\/v2\/pages"}],"about":[{"href":"https:\/\/sommeval.fr\/ancien\/wp-json\/wp\/v2\/types\/page"}],"author":[{"embeddable":true,"href":"https:\/\/sommeval.fr\/ancien\/wp-json\/wp\/v2\/users\/3"}],"replies":[{"embeddable":true,"href":"https:\/\/sommeval.fr\/ancien\/wp-json\/wp\/v2\/comments?post=29"}],"version-history":[{"count":30,"href":"https:\/\/sommeval.fr\/ancien\/wp-json\/wp\/v2\/pages\/29\/revisions"}],"predecessor-version":[{"id":731,"href":"https:\/\/sommeval.fr\/ancien\/wp-json\/wp\/v2\/pages\/29\/revisions\/731"}],"wp:attachment":[{"href":"https:\/\/sommeval.fr\/ancien\/wp-json\/wp\/v2\/media?parent=29"}],"curies":[{"name":"wp","href":"https:\/\/api.w.org\/{rel}","templated":true}]}}