{"id":32,"date":"2016-02-17T15:05:56","date_gmt":"2016-02-17T14:05:56","guid":{"rendered":"http:\/\/sommeval.fr\/?page_id=32"},"modified":"2016-02-17T14:53:25","modified_gmt":"2016-02-17T13:53:25","slug":"numeros-utiles-plan","status":"publish","type":"page","link":"https:\/\/sommeval.fr\/ancien\/numeros-utiles-plan\/","title":{"rendered":"Num\u00e9ros utiles &#8211; Plan"},"content":{"rendered":"<section id=\"text-3\" class=\"widget widget_text\">\n<h2 class=\"widget-title\"><img loading=\"lazy\" decoding=\"async\" class=\"alignnone size-large wp-image-290\" src=\"http:\/\/www.sommeval.fr\/wp-content\/uploads\/2016\/02\/IMG-e1454605725442-1024x887.jpg\" alt=\"IMG\" width=\"840\" height=\"728\" srcset=\"https:\/\/sommeval.fr\/ancien\/wp-content\/uploads\/2016\/02\/IMG-e1454605725442-1024x887.jpg 1024w, https:\/\/sommeval.fr\/ancien\/wp-content\/uploads\/2016\/02\/IMG-e1454605725442-300x260.jpg 300w, https:\/\/sommeval.fr\/ancien\/wp-content\/uploads\/2016\/02\/IMG-e1454605725442-768x665.jpg 768w, https:\/\/sommeval.fr\/ancien\/wp-content\/uploads\/2016\/02\/IMG-e1454605725442-1200x1040.jpg 1200w, https:\/\/sommeval.fr\/ancien\/wp-content\/uploads\/2016\/02\/IMG-e1454605725442.jpg 1528w\" sizes=\"auto, (max-width: 709px) 85vw, (max-width: 909px) 67vw, (max-width: 1362px) 62vw, 840px\" \/><\/h2>\n<h2 class=\"widget-title\">Contact<\/h2>\n<div class=\"textwidget\">\n<p>commune.sommeval@orange.fr<br \/>\n128 Rue de la rencontre 10320 Sommeval<br \/>\n03 25 40 39 00<\/p>\n<\/div>\n<\/section>\n<section id=\"text-4\" class=\"widget widget_text\">\n<h2 class=\"widget-title\"><\/h2>\n<div class=\"textwidget\">\n<h2>Heures d&rsquo;ouverture au public<\/h2>\n<p>Mercredi \u00a0de 16 h \u00e0 18 h<br \/>\nVendredi de \u00a014 h \u00e0 19 h<\/p>\n<h2>Accueil t\u00e9l\u00e9phonique<\/h2>\n<p>lundi de 8 h \u00e0 11 n<\/p>\n<p>mercredi de 8 h \u00e0 11 h et de 14 h \u00e0 18 h<\/p>\n<p>vendredi de 8 h \u00e0 11 h et de 14 h \u00e019 h<\/p>\n<h2><\/h2>\n<\/div>\n<p>&nbsp;<\/p>\n<div class=\"textwidget\">\n<h2>La Poste de Bouilly<\/h2>\n<p>34, rue de l\u2019H\u00f4tel de ville<\/p>\n<p>T\u00e9l : 03 25 40 89 50<\/p>\n<p>Fax : 03 25 40 89 52<\/p>\n<p>Nouveaux horaires d&rsquo;ouverture depuis le 6 juillet 2015 :<br \/>\n\u00b0 Lundi, mardi, mercredi et vendredi de 14h00 \u00e0 18h00<br \/>\n\u00b0 Samedi de 8h30 \u00e0 12h30<br \/>\n\u00b0 Ferm\u00e9 le jeudi<br \/>\nD\u00e9part du courrier : lundi au vendredi \u00e0 16h00, samedi \u00e0 12h15.<\/p>\n<\/div>\n<\/section>\n","protected":false},"excerpt":{"rendered":"<p>Contact commune.sommeval@orange.fr 128 Rue de la rencontre 10320 Sommeval 03 25 40 39 00 Heures d&rsquo;ouverture au public Mercredi \u00a0de 16 h \u00e0 18 h Vendredi de \u00a014 h \u00e0 19 h Accueil t\u00e9l\u00e9phonique lundi de 8 h \u00e0 11 n mercredi de 8 h \u00e0 11 h et de 14 h \u00e0 18 h vendredi de 8 h \u00e0 11 h et de 14 h \u00e019 h &nbsp; La Poste de Bouilly 34, rue de l\u2019H\u00f4tel de ville T\u00e9l : 03 25 40 89 50 Fax : 03 25 40 89 52 Nouveaux horaires d&rsquo;ouverture depuis le 6 juillet &hellip; <a href=\"https:\/\/sommeval.fr\/ancien\/numeros-utiles-plan\/\" class=\"more-link\">Continuer la lecture<span class=\"screen-reader-text\"> de &laquo;&nbsp;Num\u00e9ros utiles &#8211; Plan&nbsp;&raquo;<\/span><\/a><\/p>\n","protected":false},"author":3,"featured_media":0,"parent":0,"menu_order":0,"comment_status":"closed","ping_status":"closed","template":"","meta":{"footnotes":""},"class_list":["post-32","page","type-page","status-publish","hentry"],"_links":{"self":[{"href":"https:\/\/sommeval.fr\/ancien\/wp-json\/wp\/v2\/pages\/32","targetHints":{"allow":["GET"]}}],"collection":[{"href":"https:\/\/sommeval.fr\/ancien\/wp-json\/wp\/v2\/pages"}],"about":[{"href":"https:\/\/sommeval.fr\/ancien\/wp-json\/wp\/v2\/types\/page"}],"author":[{"embeddable":true,"href":"https:\/\/sommeval.fr\/ancien\/wp-json\/wp\/v2\/users\/3"}],"replies":[{"embeddable":true,"href":"https:\/\/sommeval.fr\/ancien\/wp-json\/wp\/v2\/comments?post=32"}],"version-history":[{"count":14,"href":"https:\/\/sommeval.fr\/ancien\/wp-json\/wp\/v2\/pages\/32\/revisions"}],"predecessor-version":[{"id":306,"href":"https:\/\/sommeval.fr\/ancien\/wp-json\/wp\/v2\/pages\/32\/revisions\/306"}],"wp:attachment":[{"href":"https:\/\/sommeval.fr\/ancien\/wp-json\/wp\/v2\/media?parent=32"}],"curies":[{"name":"wp","href":"https:\/\/api.w.org\/{rel}","templated":true}]}}